{"id":111032,"date":"2023-02-15T16:40:12","date_gmt":"2023-02-15T16:40:12","guid":{"rendered":"https:\/\/f80.product-republic.com\/imprint\/"},"modified":"2023-02-15T20:03:23","modified_gmt":"2023-02-15T20:03:23","slug":"imprint","status":"publish","type":"page","link":"https:\/\/f80.berlin\/en\/imprint\/","title":{"rendered":"Imprint"},"content":{"rendered":"<p>[et_pb_section fb_built=&#8221;1&#8243; _builder_version=&#8221;4.18.0&#8243; _module_preset=&#8221;default&#8221; background_color=&#8221;#010101&#8243; global_colors_info=&#8221;{}&#8221; theme_builder_area=&#8221;post_content&#8221;][et_pb_row _builder_version=&#8221;4.19.3&#8243; _module_preset=&#8221;default&#8221; global_colors_info=&#8221;{}&#8221; theme_builder_area=&#8221;post_content&#8221;][et_pb_column type=&#8221;4_4&#8243; _builder_version=&#8221;4.19.3&#8243; _module_preset=&#8221;default&#8221; global_colors_info=&#8221;{}&#8221; theme_builder_area=&#8221;post_content&#8221;][et_pb_text _builder_version=&#8221;4.19.5&#8243; _module_preset=&#8221;default&#8221; text_font=&#8221;|600||on|||||&#8221; text_text_color=&#8221;#FFFFFF&#8221; text_font_size=&#8221;17px&#8221; text_letter_spacing=&#8221;4px&#8221; header_font=&#8221;|700|||||||&#8221; header_text_color=&#8221;#FFFFFF&#8221; header_font_size=&#8221;15px&#8221; hover_enabled=&#8221;0&#8243; global_colors_info=&#8221;{}&#8221; theme_builder_area=&#8221;post_content&#8221; sticky_enabled=&#8221;0&#8243;]<\/p>\n<h1 style=\"text-align: center;\">Imprint<\/h1>\n<p>[\/et_pb_text][et_pb_text _builder_version=&#8221;4.19.5&#8243; _module_preset=&#8221;default&#8221; header_font=&#8221;Antic Didone||||||||&#8221; header_text_color=&#8221;#FFFFFF&#8221; header_letter_spacing=&#8221;2px&#8221; header_2_font=&#8221;Antic Didone||||||||&#8221; header_2_text_color=&#8221;#FFFFFF&#8221; header_2_font_size=&#8221;40px&#8221; header_2_letter_spacing=&#8221;2px&#8221; hover_enabled=&#8221;0&#8243; global_colors_info=&#8221;{}&#8221; theme_builder_area=&#8221;post_content&#8221; sticky_enabled=&#8221;0&#8243; header_3_font=&#8221;Antic Didone||||||||&#8221;]<\/p>\n<h3><span style=\"color: #ffffff;\">Information according to \u00a7 5 TMG<\/span><br \/><span style=\"color: #ffffff;\"><\/span><\/h3>\n<p><span style=\"color: #ffffff;\">Dr. Ziegler MVZ GmbH<\/span><br \/><span style=\"color: #ffffff;\">Kurf\u00fcrstendamm 64<\/span><br \/><span style=\"color: #ffffff;\">10707 Berlin<\/span><\/p>\n<h3><span style=\"color: #ffffff;\">Represented by:<\/span><br \/><span style=\"color: #ffffff;\">Managing Director &#8211; Dr. Stephan Ziegler<\/span><\/h3>\n<p><span style=\"color: #ffffff;\">Contact &amp; Post address<br \/><\/span><span style=\"color: #ffffff;\">phone: 030 436665501<\/span><br \/><span style=\"color: #ffffff;\">E-mail: willkommen@f80.berlin<\/span><\/p>\n<p><span style=\"color: #ffffff;\">Friedrichstra\u00dfe 80, 10117 Berlin<\/span><\/p>\n<h3><span style=\"color: #ffffff;\">Supervisory authority<\/span><br \/><span style=\"color: #ffffff;\"><\/span><\/h3>\n<p><span style=\"color: #ffffff;\">KZV-Berlin<\/span><br \/><span style=\"color: #ffffff;\">Georg-Wilhelm-Stra\u00dfe 16<\/span><br \/><span style=\"color: #ffffff;\">10711 Berlin<\/span><\/p>\n<p><span style=\"color: #ffffff;\">https:\/\/www.kzv-berlin.de\/<\/span><\/p>\n<p><span style=\"color: #ffffff;\">Professional title and professional regulations<\/span><br \/><span style=\"color: #ffffff;\">Job title: Clinical Director \/ Dental Director<\/span><br \/><span style=\"color: #ffffff;\">Competent chamber: Berlin<\/span><br \/><span style=\"color: #ffffff;\">Awarded in: Germany<\/span><\/p>\n<p><span style=\"color: #ffffff;\">The following professional regulations apply:<\/span><\/p>\n<p><span style=\"color: #ffffff;\"><\/span><\/p>\n<p><span style=\"color: #ffffff;\">Editorially responsible<\/span><br \/><span style=\"color: #ffffff;\">Dr. James Belcher<\/span><\/p>\n<p><span style=\"color: #ffffff;\">EU Dispute Resolution<\/span><br \/><span style=\"color: #ffffff;\">The European Commission provides a platform for online dispute resolution (ODR): https:\/\/ec.europa.eu\/consumers\/odr\/.<\/span><br \/><span style=\"color: #ffffff;\">You can find our e-mail address in the imprint above.<\/span><\/p>\n<p><span style=\"color: #ffffff;\">Consumer dispute resolution\/universal arbitration board<\/span><br \/><span style=\"color: #ffffff;\">We participate in a dispute resolution procedure before a consumer arbitration board. The universal arbitration board of the Zentrum f\u00fcr Schlichtung e.V., Stra\u00dfburger Stra\u00dfe 8, 77694 Kehl am Rhein (https:\/\/www.verbraucher-schlichter.de) is responsible.<\/span><\/p>\n<p>[\/et_pb_text][\/et_pb_column][\/et_pb_row][\/et_pb_section][et_pb_section fb_built=&#8221;1&#8243; _builder_version=&#8221;4.18.0&#8243; _module_preset=&#8221;default&#8221; use_background_color_gradient=&#8221;on&#8221; background_color_gradient_stops=&#8221;rgba(10,1,1,0.48) 0%|rgba(10,1,1,0.59) 100%&#8221; background_color_gradient_overlays_image=&#8221;on&#8221; background_color_gradient_start=&#8221;rgba(10,1,1,0.76)&#8221; background_color_gradient_end=&#8221;rgba(10,1,1,0.76)&#8221; background_image=&#8221;https:\/\/f80.berlin\/wp-content\/uploads\/2022\/10\/marmor-struktur-eingang-f80-die-zahnspezialisten.jpg&#8221; global_module=&#8221;110577&#8243; saved_tabs=&#8221;all&#8221; global_colors_info=&#8221;{}&#8221; theme_builder_area=&#8221;post_content&#8221;][et_pb_row _builder_version=&#8221;4.16&#8243; _module_preset=&#8221;default&#8221; global_colors_info=&#8221;{}&#8221; theme_builder_area=&#8221;post_content&#8221;][et_pb_column type=&#8221;4_4&#8243; _builder_version=&#8221;4.16&#8243; _module_preset=&#8221;default&#8221; global_colors_info=&#8221;{}&#8221; theme_builder_area=&#8221;post_content&#8221;][et_pb_text _builder_version=&#8221;4.19.5&#8243; _module_preset=&#8221;default&#8221; text_font=&#8221;Antic Didone||||||||&#8221; text_font_size=&#8221;3.6em&#8221; text_line_height=&#8221;1.3em&#8221; header_font=&#8221;Antic Didone||||||||&#8221; header_font_size=&#8221;3.6em&#8221; header_2_line_height=&#8221;1.3em&#8221; text_font_size_tablet=&#8221;&#8221; text_font_size_phone=&#8221;2.9em&#8221; text_font_size_last_edited=&#8221;on|phone&#8221; global_colors_info=&#8221;{}&#8221; theme_builder_area=&#8221;post_content&#8221;]<\/p>\n<p class=\"elementor-heading-title elementor-size-default\" style=\"text-align: center;\"><span style=\"color: #ffffff;\">Book your appointment today<\/span><\/p>\n<p>[\/et_pb_text][et_pb_text _builder_version=&#8221;4.18.0&#8243; _module_preset=&#8221;default&#8221; text_font=&#8221;||||||||&#8221; text_text_color=&#8221;#FFFFFF&#8221; text_font_size=&#8221;15px&#8221; header_font=&#8221;Antic Didone||||||||&#8221; header_font_size=&#8221;3.6em&#8221; header_2_line_height=&#8221;1.3em&#8221; global_colors_info=&#8221;{}&#8221; theme_builder_area=&#8221;post_content&#8221;]<\/p>\n<p class=\"elementor-heading-title elementor-size-default\" style=\"text-align: center;\"><span>Appointments can be easily booked online or by calling our friendly team &#8211; we look forward to meeting you!<\/span><\/p>\n<p>[\/et_pb_text][et_pb_button button_text=&#8221;Arrange appointment&#8221; button_alignment=&#8221;center&#8221; _builder_version=&#8221;4.18.0&#8243; _module_preset=&#8221;default&#8221; custom_button=&#8221;on&#8221; button_text_size=&#8221;19px&#8221; button_text_color=&#8221;#FFFFFF&#8221; button_bg_color=&#8221;#CF896C&#8221; button_border_color=&#8221;RGBA(255,255,255,0)&#8221; button_border_radius=&#8221;0px&#8221; button_letter_spacing=&#8221;4px&#8221; button_font=&#8221;|700||on|||||&#8221; button_use_icon=&#8221;off&#8221; custom_margin=&#8221;||||false|false&#8221; custom_padding=&#8221;1.5%|1.5%|1.5%|1.5%|true|true&#8221; global_colors_info=&#8221;{}&#8221; button_bg_color__hover_enabled=&#8221;on|hover&#8221; button_bg_color__hover=&#8221;#000000&#8243; button_bg_enable_color__hover=&#8221;on&#8221; theme_builder_area=&#8221;post_content&#8221;][\/et_pb_button][et_pb_button button_url=&#8221;tel:+493026475131&#8243; button_text=&#8221;030 264 75 131&#8243; button_alignment=&#8221;center&#8221; _builder_version=&#8221;4.18.0&#8243; _module_preset=&#8221;default&#8221; custom_button=&#8221;on&#8221; button_text_size=&#8221;24px&#8221; button_text_color=&#8221;#FFFFFF&#8221; button_border_width=&#8221;0px&#8221; button_border_radius=&#8221;0px&#8221; button_font=&#8221;Antic Didone||||||||&#8221; button_icon=&#8221;&#xe090;||divi||400&#8243; box_shadow_style=&#8221;preset4&#8243; box_shadow_horizontal=&#8221;0px&#8221; box_shadow_vertical=&#8221;1px&#8221; box_shadow_color=&#8221;#FFFFFF&#8221; global_colors_info=&#8221;{}&#8221; button_bg_color__hover_enabled=&#8221;on|hover&#8221; theme_builder_area=&#8221;post_content&#8221;][\/et_pb_button][\/et_pb_column][\/et_pb_row][\/et_pb_section]<\/p>\n","protected":false},"excerpt":{"rendered":"<p>ImprintInformation according to \u00a7 5 TMG Dr. Ziegler MVZ GmbHKurf\u00fcrstendamm 6410707 Berlin Represented by:Managing Director &#8211; Dr. Stephan Ziegler Contact &amp; Post addressphone: 030 436665501E-mail: willkommen@f80.berlin Friedrichstra\u00dfe 80, 10117 Berlin Supervisory authority KZV-BerlinGeorg-Wilhelm-Stra\u00dfe 1610711 Berlin https:\/\/www.kzv-berlin.de\/ Professional title and professional regulationsJob title: Clinical Director \/ Dental DirectorCompetent chamber: BerlinAwarded in: Germany The following professional regulations [&hellip;]<\/p>\n","protected":false},"author":1,"featured_media":0,"parent":0,"menu_order":0,"comment_status":"closed","ping_status":"closed","template":"","meta":{"_et_pb_use_builder":"on","_et_pb_old_content":"","_et_gb_content_width":"","footnotes":""},"class_list":["post-111032","page","type-page","status-publish","hentry"],"yoast_head":"<!-- This site is optimized with the Yoast SEO Premium plugin v23.0 (Yoast SEO v27.4) - https:\/\/yoast.com\/product\/yoast-seo-premium-wordpress\/ -->\n<title>Imprint - F80 Die Zahn- und Gesichtsspezialisten<\/title>\n<meta name=\"robots\" content=\"index, follow, max-snippet:-1, max-image-preview:large, max-video-preview:-1\" \/>\n<link rel=\"canonical\" href=\"https:\/\/f80.berlin\/en\/imprint\/\" \/>\n<meta property=\"og:locale\" content=\"en_US\" \/>\n<meta property=\"og:type\" content=\"article\" \/>\n<meta property=\"og:title\" content=\"Imprint\" \/>\n<meta property=\"og:description\" content=\"ImprintInformation according to \u00a7 5 TMG Dr. Ziegler MVZ GmbHKurf\u00fcrstendamm 6410707 Berlin Represented by:Managing Director - Dr. Stephan Ziegler Contact &amp; Post addressphone: 030 436665501E-mail: willkommen@f80.berlin Friedrichstra\u00dfe 80, 10117 Berlin Supervisory authority KZV-BerlinGeorg-Wilhelm-Stra\u00dfe 1610711 Berlin https:\/\/www.kzv-berlin.de\/ Professional title and professional regulationsJob title: Clinical Director \/ Dental DirectorCompetent chamber: BerlinAwarded in: Germany The following professional regulations [&hellip;]\" \/>\n<meta property=\"og:url\" content=\"https:\/\/f80.berlin\/en\/imprint\/\" \/>\n<meta property=\"og:site_name\" content=\"F80 Die Zahn- und Gesichtsspezialisten\" \/>\n<meta property=\"article:modified_time\" content=\"2023-02-15T20:03:23+00:00\" \/>\n<meta name=\"twitter:card\" content=\"summary_large_image\" \/>\n<meta name=\"twitter:label1\" content=\"Est. reading time\" \/>\n\t<meta name=\"twitter:data1\" content=\"3 minutes\" \/>\n<script type=\"application\/ld+json\" class=\"yoast-schema-graph\">{\"@context\":\"https:\\\/\\\/schema.org\",\"@graph\":[{\"@type\":\"WebPage\",\"@id\":\"https:\\\/\\\/f80.berlin\\\/en\\\/imprint\\\/\",\"url\":\"https:\\\/\\\/f80.berlin\\\/en\\\/imprint\\\/\",\"name\":\"Imprint - F80 Die Zahn- und Gesichtsspezialisten\",\"isPartOf\":{\"@id\":\"https:\\\/\\\/f80.berlin\\\/#website\"},\"datePublished\":\"2023-02-15T16:40:12+00:00\",\"dateModified\":\"2023-02-15T20:03:23+00:00\",\"breadcrumb\":{\"@id\":\"https:\\\/\\\/f80.berlin\\\/en\\\/imprint\\\/#breadcrumb\"},\"inLanguage\":\"en-US\",\"potentialAction\":[{\"@type\":\"ReadAction\",\"target\":[\"https:\\\/\\\/f80.berlin\\\/en\\\/imprint\\\/\"]}]},{\"@type\":\"BreadcrumbList\",\"@id\":\"https:\\\/\\\/f80.berlin\\\/en\\\/imprint\\\/#breadcrumb\",\"itemListElement\":[{\"@type\":\"ListItem\",\"position\":1,\"name\":\"Startseite\",\"item\":\"https:\\\/\\\/f80.berlin\\\/en\\\/\"},{\"@type\":\"ListItem\",\"position\":2,\"name\":\"Imprint\"}]},{\"@type\":\"WebSite\",\"@id\":\"https:\\\/\\\/f80.berlin\\\/#website\",\"url\":\"https:\\\/\\\/f80.berlin\\\/\",\"name\":\"F80 Die Zahn- und Gesichtsspezialisten\",\"description\":\"Dein neuer Zahnarzt in der Friedrichstrasse 80 in Berlin\",\"potentialAction\":[{\"@type\":\"SearchAction\",\"target\":{\"@type\":\"EntryPoint\",\"urlTemplate\":\"https:\\\/\\\/f80.berlin\\\/?s={search_term_string}\"},\"query-input\":{\"@type\":\"PropertyValueSpecification\",\"valueRequired\":true,\"valueName\":\"search_term_string\"}}],\"inLanguage\":\"en-US\"}]}<\/script>\n<!-- \/ Yoast SEO Premium plugin. -->","yoast_head_json":{"title":"Imprint - F80 Die Zahn- und Gesichtsspezialisten","robots":{"index":"index","follow":"follow","max-snippet":"max-snippet:-1","max-image-preview":"max-image-preview:large","max-video-preview":"max-video-preview:-1"},"canonical":"https:\/\/f80.berlin\/en\/imprint\/","og_locale":"en_US","og_type":"article","og_title":"Imprint","og_description":"ImprintInformation according to \u00a7 5 TMG Dr. Ziegler MVZ GmbHKurf\u00fcrstendamm 6410707 Berlin Represented by:Managing Director - Dr. Stephan Ziegler Contact &amp; Post addressphone: 030 436665501E-mail: willkommen@f80.berlin Friedrichstra\u00dfe 80, 10117 Berlin Supervisory authority KZV-BerlinGeorg-Wilhelm-Stra\u00dfe 1610711 Berlin https:\/\/www.kzv-berlin.de\/ Professional title and professional regulationsJob title: Clinical Director \/ Dental DirectorCompetent chamber: BerlinAwarded in: Germany The following professional regulations [&hellip;]","og_url":"https:\/\/f80.berlin\/en\/imprint\/","og_site_name":"F80 Die Zahn- und Gesichtsspezialisten","article_modified_time":"2023-02-15T20:03:23+00:00","twitter_card":"summary_large_image","twitter_misc":{"Est. reading time":"3 minutes"},"schema":{"@context":"https:\/\/schema.org","@graph":[{"@type":"WebPage","@id":"https:\/\/f80.berlin\/en\/imprint\/","url":"https:\/\/f80.berlin\/en\/imprint\/","name":"Imprint - F80 Die Zahn- und Gesichtsspezialisten","isPartOf":{"@id":"https:\/\/f80.berlin\/#website"},"datePublished":"2023-02-15T16:40:12+00:00","dateModified":"2023-02-15T20:03:23+00:00","breadcrumb":{"@id":"https:\/\/f80.berlin\/en\/imprint\/#breadcrumb"},"inLanguage":"en-US","potentialAction":[{"@type":"ReadAction","target":["https:\/\/f80.berlin\/en\/imprint\/"]}]},{"@type":"BreadcrumbList","@id":"https:\/\/f80.berlin\/en\/imprint\/#breadcrumb","itemListElement":[{"@type":"ListItem","position":1,"name":"Startseite","item":"https:\/\/f80.berlin\/en\/"},{"@type":"ListItem","position":2,"name":"Imprint"}]},{"@type":"WebSite","@id":"https:\/\/f80.berlin\/#website","url":"https:\/\/f80.berlin\/","name":"F80 Die Zahn- und Gesichtsspezialisten","description":"Dein neuer Zahnarzt in der Friedrichstrasse 80 in Berlin","potentialAction":[{"@type":"SearchAction","target":{"@type":"EntryPoint","urlTemplate":"https:\/\/f80.berlin\/?s={search_term_string}"},"query-input":{"@type":"PropertyValueSpecification","valueRequired":true,"valueName":"search_term_string"}}],"inLanguage":"en-US"}]}},"_links":{"self":[{"href":"https:\/\/f80.berlin\/en\/wp-json\/wp\/v2\/pages\/111032","targetHints":{"allow":["GET"]}}],"collection":[{"href":"https:\/\/f80.berlin\/en\/wp-json\/wp\/v2\/pages"}],"about":[{"href":"https:\/\/f80.berlin\/en\/wp-json\/wp\/v2\/types\/page"}],"author":[{"embeddable":true,"href":"https:\/\/f80.berlin\/en\/wp-json\/wp\/v2\/users\/1"}],"replies":[{"embeddable":true,"href":"https:\/\/f80.berlin\/en\/wp-json\/wp\/v2\/comments?post=111032"}],"version-history":[{"count":0,"href":"https:\/\/f80.berlin\/en\/wp-json\/wp\/v2\/pages\/111032\/revisions"}],"wp:attachment":[{"href":"https:\/\/f80.berlin\/en\/wp-json\/wp\/v2\/media?parent=111032"}],"curies":[{"name":"wp","href":"https:\/\/api.w.org\/{rel}","templated":true}]}}